{"id":4999,"date":"2021-12-15T11:34:02","date_gmt":"2021-12-15T14:34:02","guid":{"rendered":"https:\/\/agrihold.com\/carrera\/"},"modified":"2021-12-15T17:12:32","modified_gmt":"2021-12-15T20:12:32","slug":"carrera","status":"publish","type":"page","link":"https:\/\/agrihold.com\/es\/carrera\/","title":{"rendered":"CARRERA"},"content":{"rendered":"<p>[vc_row full_width=\u00bbstretch_row_content_no_spaces\u00bb content_placement=\u00bbmiddle\u00bb el_class=\u00bbsection_header_pages\u00bb][vc_column][vc_single_image image=\u00bb3667&#8243; img_size=\u00bb1920&#215;600&#8243; alignment=\u00bbcenter\u00bb][\/vc_column][\/vc_row][vc_row][vc_column][vc_column_text css_animation=\u00bbfadeInDown\u00bb]<\/p>\n<h1 style=\"text-align: center; color: #0055a3;\"><strong>REGISTRE SU CURR\u00cdCULO EN NUESTRA BASE DE TALENTOS<\/strong><\/h1>\n<p>[\/vc_column_text][\/vc_column][\/vc_row][vc_row el_class=\u00bbtitulo_inicial\u00bb][vc_column css_animation=\u00bbnone\u00bb][vc_column_text css_animation=\u00bbfadeInDown\u00bb css=\u00bb.vc_custom_1617901902667{margin-top: 50px !important;margin-bottom: 50px !important;padding-right: 50px !important;padding-bottom: 25px !important;padding-left: 50px !important;}\u00bb]Caso piensa en una carrera s\u00f3lida en el segmento del agronegocio, el grupo Agrihold es el lugar correcto para usted. Quien trabaja aqu\u00ed sabe que nosotros nos comportamos como una grande familia. Valoramos sobre todo las personas, porque el \u00e9xito del grupo Agrihold se construy\u00f3 por personas apasionadas y comprometidas con un sue\u00f1o que empez\u00f3 hace 30 a\u00f1os.<\/p>\n<p>\u00a1\u00danase a nosotros!<\/p>\n<p>[\/vc_column_text][\/vc_column][\/vc_row][vc_row][vc_column css_animation=\u00bbfadeIn\u00bb][vc_raw_html]JTNDaWZyYW1lJTIwZnJhbWVib3JkZXIlM0QlMjIwJTIyJTIwc3R5bGUlM0QlMjJoZWlnaHQlM0ExMzAwcHglM0J3aWR0aCUzQTk5JTI1JTNCYm9yZGVyJTNBbm9uZSUzQiUyMiUyMHNyYyUzRCUyN2h0dHBzJTNBJTJGJTJGZm9ybXMuem9ob3B1YmxpYy5jb20lMkZhbHRhZGVmZW5zaXZvcyUyRmZvcm0lMkZDYXJyZWlyYUFncmlob2xkRVMlMkZmb3JtcGVybWElMkZHY09IMlNIVmJRWXRCajRXQmtwSmdJbHFHRHhlNWNIdk5tVXEtb1Atb1A4JTI3JTNFJTNDJTJGaWZyYW1lJTNF[\/vc_raw_html][\/vc_column][\/vc_row]<\/p>\n","protected":false},"excerpt":{"rendered":"<p>[vc_row full_width=\u00bbstretch_row_content_no_spaces\u00bb content_placement=\u00bbmiddle\u00bb el_class=\u00bbsection_header_pages\u00bb][vc_column][vc_single_image image=\u00bb3667&#8243; img_size=\u00bb1920&#215;600&#8243; alignment=\u00bbcenter\u00bb][\/vc_column][\/vc_row][vc_row][vc_column][vc_column_text css_animation=\u00bbfadeInDown\u00bb] REGISTRE SU CURR\u00cdCULO EN NUESTRA BASE DE TALENTOS [\/vc_column_text][\/vc_column][\/vc_row][vc_row el_class=\u00bbtitulo_inicial\u00bb][vc_column css_animation=\u00bbnone\u00bb][vc_column_text css_animation=\u00bbfadeInDown\u00bb css=\u00bb.vc_custom_1617901902667{margin-top: 50px !important;margin-bottom: 50px !important;padding-right: 50px !important;padding-bottom: 25px !important;padding-left: 50px&#8230;<\/p>\n","protected":false},"author":2,"featured_media":0,"parent":0,"menu_order":0,"comment_status":"closed","ping_status":"closed","template":"","meta":{"footnotes":""},"class_list":["post-4999","page","type-page","status-publish","hentry"],"_links":{"self":[{"href":"https:\/\/agrihold.com\/es\/wp-json\/wp\/v2\/pages\/4999","targetHints":{"allow":["GET"]}}],"collection":[{"href":"https:\/\/agrihold.com\/es\/wp-json\/wp\/v2\/pages"}],"about":[{"href":"https:\/\/agrihold.com\/es\/wp-json\/wp\/v2\/types\/page"}],"author":[{"embeddable":true,"href":"https:\/\/agrihold.com\/es\/wp-json\/wp\/v2\/users\/2"}],"replies":[{"embeddable":true,"href":"https:\/\/agrihold.com\/es\/wp-json\/wp\/v2\/comments?post=4999"}],"version-history":[{"count":2,"href":"https:\/\/agrihold.com\/es\/wp-json\/wp\/v2\/pages\/4999\/revisions"}],"predecessor-version":[{"id":5031,"href":"https:\/\/agrihold.com\/es\/wp-json\/wp\/v2\/pages\/4999\/revisions\/5031"}],"wp:attachment":[{"href":"https:\/\/agrihold.com\/es\/wp-json\/wp\/v2\/media?parent=4999"}],"curies":[{"name":"wp","href":"https:\/\/api.w.org\/{rel}","templated":true}]}}