{"id":4998,"date":"2021-12-15T11:32:43","date_gmt":"2021-12-15T14:32:43","guid":{"rendered":"https:\/\/agrihold.com\/nuestros-negocios\/"},"modified":"2022-03-28T19:31:00","modified_gmt":"2022-03-28T22:31:00","slug":"nuestros-negocios","status":"publish","type":"page","link":"https:\/\/agrihold.com\/es\/nuestros-negocios\/","title":{"rendered":"NUESTROS NEGOCIOS"},"content":{"rendered":"<p>[vc_row full_width=\u00bbstretch_row_content_no_spaces\u00bb content_placement=\u00bbmiddle\u00bb el_class=\u00bbsection_header_pages\u00bb][vc_column][vc_single_image image=\u00bb3772&#8243; img_size=\u00bb1920&#215;600&#8243; alignment=\u00bbcenter\u00bb][\/vc_column][\/vc_row][vc_row][vc_column][vc_column_text]<\/p>\n<h1 style=\"text-align: center; color: #0055a3;\">SOLUCIONES INTEGRADAS PARA EL AGRONEGOCIO<\/h1>\n<p>[\/vc_column_text][\/vc_column][\/vc_row][vc_row][vc_column][vc_empty_space height=\u00bb42px\u00bb][\/vc_column][\/vc_row][vc_row el_class=\u00bbtitulo_inicial\u00bb][vc_column css_animation=\u00bbfadeIn\u00bb][vc_column_text css=\u00bb.vc_custom_1637701471586{padding-right: 50px !important;padding-bottom: 25px !important;padding-left: 50px !important;}\u00bb]<span style=\"font-weight: 400;\">Para ofrecer las mejores soluciones agron\u00f3micas a los clientes, el grupo Agrihold ha desarrollado a lo largo de su historia empresas en diferentes pa\u00edses del Mercosur. Actualmente actuamos en Paraguay y Brasil.<\/span><\/p>\n<p>&nbsp;<\/p>\n<p><span style=\"font-weight: 400;\">Todas las compa\u00f1\u00edas del grupo son centradas en generar valor y ayudar a los clientes a crecer de manera eficiente y sustentable, proporcionando soporte al agricultor para transformar su finca en una empresa agr\u00edcola. <\/span>[\/vc_column_text][\/vc_column][\/vc_row][vc_row full_width=\u00bbstretch_row_content_no_spaces\u00bb el_class=\u00bbsection_title_negocios\u00bb][vc_column][vc_column_text el_id=\u00bbtitle-our-business\u00bb]<strong>NUESTROS<\/strong><br \/>\n<strong>NEGOCIOS<\/strong>[\/vc_column_text][\/vc_column][\/vc_row][vc_row content_placement=\u00bbmiddle\u00bb css_animation=\u00bbnone\u00bb el_class=\u00bbsection_negocio_show\u00bb][vc_column css_animation=\u00bbfadeIn\u00bb width=\u00bb1\/2&#8243;][vc_single_image image=\u00bb3580&#8243; img_size=\u00bbfull\u00bb alignment=\u00bbcenter\u00bb onclick=\u00bbcustom_link\u00bb img_link_target=\u00bb_blank\u00bb link=\u00bbhttps:\/\/www.agrotec.com.py\/\u00bb][\/vc_column][vc_column css_animation=\u00bbfadeIn\u00bb width=\u00bb1\/2&#8243;][vc_column_text]Agrotec fue el primero emprendimiento del grupo Agrihold. Actualmente es una de las principales compa\u00f1\u00edas del segmento agro en Paraguay. Act\u00faa como el principal centro de servicios del grupo, compartiendo todo su know-how con las otras compa\u00f1\u00edas de Agrihold.<\/p>\n<p>Adem\u00e1s de ofrecer un portafolio de productos de marca propia, Agrotec complementa su portafolio, comercializando en Paraguay productos de grandes marcas internacionales como Corteva, Syngenta, Pionner, UPL, Cargill y Mosaic.[\/vc_column_text][\/vc_column][\/vc_row][vc_row content_placement=\u00bbmiddle\u00bb el_class=\u00bbsection_negocio_show\u00bb][vc_column css_animation=\u00bbfadeIn\u00bb width=\u00bb1\/2&#8243;][vc_column_text]Alta es la compa\u00f1\u00eda del grupo Agrihold responsable del mercado brasile\u00f1o. Con un portafolio de productos de \u00f3ptimo costo-beneficio para los productores, es actualmente una de las compa\u00f1\u00edas de m\u00e1s crecimiento en el segmento de defensivos agr\u00edcolas en Brasil. Se destaca debido a su equipo de gesti\u00f3n altamente capacitado y enfocado en ofrecer soluciones agiles y flexibles a los clientes.[\/vc_column_text][\/vc_column][vc_column css_animation=\u00bbfadeIn\u00bb width=\u00bb1\/2&#8243;][vc_single_image image=\u00bb4037&#8243; img_size=\u00bbfull\u00bb alignment=\u00bbcenter\u00bb onclick=\u00bbcustom_link\u00bb img_link_target=\u00bb_blank\u00bb link=\u00bbhttps:\/\/www.altadefensivos.com.br\/quem-somos\/\u00bb][\/vc_column][\/vc_row][vc_row content_placement=\u00bbmiddle\u00bb el_class=\u00bbsection_negocio_show\u00bb][vc_column css_animation=\u00bbfadeIn\u00bb width=\u00bb1\/2&#8243;][vc_single_image image=\u00bb5146&#8243; img_size=\u00bbmedium\u00bb alignment=\u00bbcenter\u00bb onclick=\u00bbcustom_link\u00bb img_link_target=\u00bb_blank\u00bb link=\u00bbhttps:\/\/www.interag.com.uy\/\u00bb][\/vc_column][vc_column css_animation=\u00bbfadeIn\u00bb width=\u00bb1\/2&#8243;][vc_column_text]El grupo Agrihold estableci\u00f3 presencia en Asia hace m\u00e1s de una d\u00e9cada, en mercados como China e India. Eso mediante Interag, compa\u00f1\u00eda responsable de la gesti\u00f3n de todos los proveedores de materias primas de las compa\u00f1\u00edas del grupo Agrihold.<\/p>\n<p>Interag controla la selecci\u00f3n de los mejores proveedores, en env\u00edo de muestras de productos que se probar\u00e1n en laboratorio y la gesti\u00f3n de almacenamiento; siempre cuidando por la obtenci\u00f3n de precios competitivos y tambi\u00e9n por la disponibilidad y la calidad final de los productos, con el fin de alcanzar altos niveles de calidad.[\/vc_column_text][\/vc_column][\/vc_row]<\/p>\n","protected":false},"excerpt":{"rendered":"<p>[vc_row full_width=\u00bbstretch_row_content_no_spaces\u00bb content_placement=\u00bbmiddle\u00bb el_class=\u00bbsection_header_pages\u00bb][vc_column][vc_single_image image=\u00bb3772&#8243; img_size=\u00bb1920&#215;600&#8243; alignment=\u00bbcenter\u00bb][\/vc_column][\/vc_row][vc_row][vc_column][vc_column_text] SOLUCIONES INTEGRADAS PARA EL AGRONEGOCIO [\/vc_column_text][\/vc_column][\/vc_row][vc_row][vc_column][vc_empty_space height=\u00bb42px\u00bb][\/vc_column][\/vc_row][vc_row el_class=\u00bbtitulo_inicial\u00bb][vc_column css_animation=\u00bbfadeIn\u00bb][vc_column_text css=\u00bb.vc_custom_1637701471586{padding-right: 50px !important;padding-bottom: 25px !important;padding-left: 50px !important;}\u00bb]Para ofrecer las mejores soluciones agron\u00f3micas a los&#8230;<\/p>\n","protected":false},"author":2,"featured_media":0,"parent":0,"menu_order":0,"comment_status":"closed","ping_status":"closed","template":"","meta":{"footnotes":""},"class_list":["post-4998","page","type-page","status-publish","hentry"],"_links":{"self":[{"href":"https:\/\/agrihold.com\/es\/wp-json\/wp\/v2\/pages\/4998","targetHints":{"allow":["GET"]}}],"collection":[{"href":"https:\/\/agrihold.com\/es\/wp-json\/wp\/v2\/pages"}],"about":[{"href":"https:\/\/agrihold.com\/es\/wp-json\/wp\/v2\/types\/page"}],"author":[{"embeddable":true,"href":"https:\/\/agrihold.com\/es\/wp-json\/wp\/v2\/users\/2"}],"replies":[{"embeddable":true,"href":"https:\/\/agrihold.com\/es\/wp-json\/wp\/v2\/comments?post=4998"}],"version-history":[{"count":3,"href":"https:\/\/agrihold.com\/es\/wp-json\/wp\/v2\/pages\/4998\/revisions"}],"predecessor-version":[{"id":5179,"href":"https:\/\/agrihold.com\/es\/wp-json\/wp\/v2\/pages\/4998\/revisions\/5179"}],"wp:attachment":[{"href":"https:\/\/agrihold.com\/es\/wp-json\/wp\/v2\/media?parent=4998"}],"curies":[{"name":"wp","href":"https:\/\/api.w.org\/{rel}","templated":true}]}}