{"id":4997,"date":"2021-12-15T11:28:51","date_gmt":"2021-12-15T14:28:51","guid":{"rendered":"https:\/\/agrihold.com\/innovacion\/"},"modified":"2021-12-15T12:05:46","modified_gmt":"2021-12-15T15:05:46","slug":"innovacion","status":"publish","type":"page","link":"https:\/\/agrihold.com\/es\/innovacion\/","title":{"rendered":"INNOVACI\u00d3N"},"content":{"rendered":"<p>[vc_row full_width=\u00bbstretch_row_content_no_spaces\u00bb content_placement=\u00bbmiddle\u00bb el_class=\u00bbsection_header_pages\u00bb][vc_column][vc_single_image image=\u00bb3809&#8243; img_size=\u00bb1920&#215;600&#8243; alignment=\u00bbcenter\u00bb][\/vc_column][\/vc_row][vc_row el_class=\u00bbtitulo_inicial\u00bb][vc_column][vc_column_text css_animation=\u00bbfadeInDown\u00bb css=\u00bb.vc_custom_1617911140025{padding-top: 50px !important;padding-right: 50px !important;padding-bottom: 30px !important;padding-left: 50px !important;}\u00bb]<\/p>\n<h1 style=\"text-align: left; color: #0055a3;\"><strong>INNOVACI\u00d3N Y CALIDAD EN TODO LO QU\u00c9 REALIZAMOS<\/strong><\/h1>\n<p>[\/vc_column_text][vc_column_text css_animation=\u00bbfadeInDown\u00bb css=\u00bb.vc_custom_1617910807020{padding-right: 50px !important;padding-bottom: 25px !important;padding-left: 50px !important;}\u00bb]Desde el a\u00f1o de 2010, el grupo Agrihold cuenta con una oficina en Shangh\u00e1i, responsable de la gesti\u00f3n de la cadena de suministro en el mercado chino. Nuestro equipo de Shangh\u00e1i construy\u00f3 una s\u00f3lida red de proveedores dentro de China y tambi\u00e9n en India, donde cuenta con excelente vendedores de materia prima para insecticidas. \u00bfEl resultado? Productos innovadores, seguros y de alta calidad.<\/p>\n<p>El grupo Agrihold trabaja exclusivamente con proveedores de materia prima que est\u00e1n a la vanguardia de la tecnolog\u00eda y la innovaci\u00f3n. Nuestros socios industriales cumplen con elevados est\u00e1ndares de calidad en la producci\u00f3n, logrando las mejores formulaciones y respetando las normas ambientales.[\/vc_column_text][\/vc_column][\/vc_row][vc_row full_width=\u00bbstretch_row_content_no_spaces\u00bb el_class=\u00bbsection_chamada_inovacao\u00bb css=\u00bb.vc_custom_1617910282324{margin-top: 40px !important;margin-bottom: 40px !important;}\u00bb][vc_column][vc_column_text]<\/p>\n<h3>PROCESO DE CONTROL<br \/>\nDESDE LA COMPRA HASTA LA ENTREGA<\/h3>\n<p>Nuestros procesos de gesti\u00f3n de la calidad incluyen desde la compra de los insumos hasta la entrega de los productos a nuestros clientes. Todo para asegurar la m\u00e1s elevada calidad de los productos y una log\u00edstica m\u00e1s \u00e1gil posible.[\/vc_column_text][\/vc_column][\/vc_row][vc_row full_width=\u00bbstretch_row_content_no_spaces\u00bb el_class=\u00bbsection_abas_inovacao\u00bb][vc_column css=\u00bb.vc_custom_1610391266236{margin-bottom: 0px !important;padding-bottom: 0px !important;}\u00bb][vc_tta_tabs active_section=\u00bb1&#8243; css=\u00bb.vc_custom_1610391320032{margin-bottom: 0px !important;padding-bottom: 0px !important;}\u00bb][vc_tta_section i_type=\u00bbopeniconic\u00bb add_icon=\u00bbtrue\u00bb title=\u00bbInspecci\u00f3n inicial del proveedor\u00bb tab_id=\u00bb1608647073127-7679bcd5-e60e\u00bb][vc_column_text]<\/p>\n<ul>\n<li>La planta debe estar ubicada en un parque industrial con licencia.<\/li>\n<li>El fabricante debe seguir a todas las especificaciones locales e internacionales establecidas por la oficina.<\/li>\n<li>El fabricante debe tener una unidad de control de calidad, equipo t\u00e9cnico y centro de an\u00e1lisis aceptables.<\/li>\n<\/ul>\n<p>[\/vc_column_text][\/vc_tta_section][vc_tta_section i_type=\u00bbopeniconic\u00bb i_icon_openiconic=\u00bbvc-oi vc-oi-pilcrow\u00bb add_icon=\u00bbtrue\u00bb title=\u00bbControl de calidad del producto\u00bb tab_id=\u00bb1608647073141-8897bf39-ee8f\u00bb][vc_column_text]<\/p>\n<ul>\n<li>Verificaci\u00f3n del producto, especificaci\u00f3n y materias primas.<\/li>\n<li>Manipulaci\u00f3n y almacenamiento.<\/li>\n<li>Instalaciones industriales: equipos, nivel de automaci\u00f3n, proceso de producci\u00f3n garantizado.<\/li>\n<\/ul>\n<p>[\/vc_column_text][\/vc_tta_section][vc_tta_section i_type=\u00bbopeniconic\u00bb i_icon_openiconic=\u00bbvc-oi vc-oi-at\u00bb add_icon=\u00bbtrue\u00bb title=\u00bbLaboratorio y verificaci\u00f3n industrial\u00bb tab_id=\u00bb1608647074918-306d984a-5070&#8243;][vc_column_text]<\/p>\n<ul>\n<li>Desarrollo del producto en laboratorio.<\/li>\n<li>Pruebas de laboratorio y formulaci\u00f3n del producto de prueba.<\/li>\n<li>Alianza con Mariux NutriSciences, asegurando los m\u00e1s altos est\u00e1ndares de selecci\u00f3n previa, estabilidad f\u00edsica y qu\u00edmica, estudios de BPL para registros en Brasil y Paraguay.<\/li>\n<li>Laboratorio franc\u00e9s con sucursales en China.<\/li>\n<\/ul>\n<p>[\/vc_column_text][\/vc_tta_section][vc_tta_section i_type=\u00bbopeniconic\u00bb i_icon_openiconic=\u00bbvc-oi vc-oi-hash\u00bb add_icon=\u00bbtrue\u00bb title=\u00bbLog\u00edstica\u00bb tab_id=\u00bb1608647079424-7d87e1c0-d396&#8243;][vc_column_text]<\/p>\n<ul>\n<li>Todos los env\u00edos son el 100% inspeccionado.<\/li>\n<li>Todos los documentos de embarque se tratan exclusivamente por la oficina comercial para asegurar la entrega puntual.<\/li>\n<li>Las inspecciones se realizan en el momento de la entrega para verificar la integridad de los productos.<\/li>\n<\/ul>\n<p>[\/vc_column_text][\/vc_tta_section][\/vc_tta_tabs][\/vc_column][\/vc_row]<\/p>\n","protected":false},"excerpt":{"rendered":"<p>[vc_row full_width=\u00bbstretch_row_content_no_spaces\u00bb content_placement=\u00bbmiddle\u00bb el_class=\u00bbsection_header_pages\u00bb][vc_column][vc_single_image image=\u00bb3809&#8243; img_size=\u00bb1920&#215;600&#8243; alignment=\u00bbcenter\u00bb][\/vc_column][\/vc_row][vc_row el_class=\u00bbtitulo_inicial\u00bb][vc_column][vc_column_text css_animation=\u00bbfadeInDown\u00bb css=\u00bb.vc_custom_1617911140025{padding-top: 50px !important;padding-right: 50px !important;padding-bottom: 30px !important;padding-left: 50px !important;}\u00bb] INNOVACI\u00d3N Y CALIDAD EN TODO LO QU\u00c9 REALIZAMOS [\/vc_column_text][vc_column_text css_animation=\u00bbfadeInDown\u00bb css=\u00bb.vc_custom_1617910807020{padding-right: 50px&#8230;<\/p>\n","protected":false},"author":2,"featured_media":4772,"parent":0,"menu_order":0,"comment_status":"closed","ping_status":"closed","template":"","meta":{"footnotes":""},"class_list":["post-4997","page","type-page","status-publish","has-post-thumbnail","hentry"],"_links":{"self":[{"href":"https:\/\/agrihold.com\/es\/wp-json\/wp\/v2\/pages\/4997","targetHints":{"allow":["GET"]}}],"collection":[{"href":"https:\/\/agrihold.com\/es\/wp-json\/wp\/v2\/pages"}],"about":[{"href":"https:\/\/agrihold.com\/es\/wp-json\/wp\/v2\/types\/page"}],"author":[{"embeddable":true,"href":"https:\/\/agrihold.com\/es\/wp-json\/wp\/v2\/users\/2"}],"replies":[{"embeddable":true,"href":"https:\/\/agrihold.com\/es\/wp-json\/wp\/v2\/comments?post=4997"}],"version-history":[{"count":1,"href":"https:\/\/agrihold.com\/es\/wp-json\/wp\/v2\/pages\/4997\/revisions"}],"predecessor-version":[{"id":5022,"href":"https:\/\/agrihold.com\/es\/wp-json\/wp\/v2\/pages\/4997\/revisions\/5022"}],"wp:featuredmedia":[{"embeddable":true,"href":"https:\/\/agrihold.com\/es\/wp-json\/wp\/v2\/media\/4772"}],"wp:attachment":[{"href":"https:\/\/agrihold.com\/es\/wp-json\/wp\/v2\/media?parent=4997"}],"curies":[{"name":"wp","href":"https:\/\/api.w.org\/{rel}","templated":true}]}}