{"id":4994,"date":"2021-12-15T11:14:15","date_gmt":"2021-12-15T14:14:15","guid":{"rendered":"https:\/\/agrihold.com\/gobernanza\/"},"modified":"2021-12-15T12:05:29","modified_gmt":"2021-12-15T15:05:29","slug":"gobernanza","status":"publish","type":"page","link":"https:\/\/agrihold.com\/es\/gobernanza\/","title":{"rendered":"GOBERNANZA"},"content":{"rendered":"<p>[vc_row full_width=\u00bbstretch_row_content_no_spaces\u00bb content_placement=\u00bbmiddle\u00bb el_class=\u00bbsection_header_pages\u00bb][vc_column][vc_single_image image=\u00bb3685&#8243; img_size=\u00bb1920&#215;600&#8243; alignment=\u00bbcenter\u00bb][\/vc_column][\/vc_row][vc_row css=\u00bb.vc_custom_1610464977372{margin-top: 130px !important;}\u00bb el_class=\u00bbtitulo_inicial\u00bb][vc_column css_animation=\u00bbnone\u00bb][vc_column_text css_animation=\u00bbfadeInDown\u00bb]<\/p>\n<h3><span style=\"color: #0055a3;\"><strong>NUESTRO ADN: TRANSPARENCIA E INTEGRIDAD <\/strong><\/span><\/h3>\n<h4><strong>Compliance<\/strong><\/h4>\n<p>El grupo Agrihold est\u00e1 siempre en la b\u00fasqueda por perfeccionar sus pol\u00edticas de gesti\u00f3n. Para ello, contamos con un C\u00f3digo de \u00c9tica que establece directrices para nuestro comportamiento. A lo largo de nuestra actuaci\u00f3n, construimos una cultura que tiene por fin la integridad permanente en la relaci\u00f3n con todos nuestros stakeholders (colaboradores, socios y clientes).<\/p>\n<p>Para saber detalladamente nuestros principios <a href=\"\/agrihold\/pt\/codigo-de-etica-agrihold\/\"><u>acceda nuestro C\u00f3digo de \u00c9tica<\/u><\/a> [\/vc_column_text][vc_empty_space height=\u00bb72px\u00bb][vc_column_text css_animation=\u00bbfadeInDown\u00bb]<\/p>\n<h3><span style=\"color: #0055a3;\"><strong>Gobernanza<\/strong><\/span><\/h3>\n<p>Con una historia marcada por la \u00e9tica, el respeto y la superaci\u00f3n de dificultades y crisis, el grupo Agrihold obtuvo resultados consistentes a lo largo del tiempo. Su s\u00f3lido modelos de gobernanza corporativa gu\u00eda a las relaciones entre miembros de la familia accionista, del Directorio y sus compa\u00f1\u00edas.<\/p>\n<p>A los \u00faltimos a\u00f1os, se perfeccion\u00f3 el modelo de gobernanza que privilegia la mayor autonom\u00eda de las compa\u00f1\u00edas, de forma que se permita una mayor profundizaci\u00f3n de las discusiones y m\u00e1s agilidad en la toma de decisiones corporativas.[\/vc_column_text][\/vc_column][\/vc_row][vc_row css=\u00bb.vc_custom_1608599557321{margin-top: 50px !important;margin-bottom: 40px !important;}\u00bb][vc_column css_animation=\u00bbnone\u00bb][vc_single_image image=\u00bb4249&#8243; img_size=\u00bbfull\u00bb css_animation=\u00bbfadeInDown\u00bb][\/vc_column][\/vc_row]<\/p>\n","protected":false},"excerpt":{"rendered":"<p>[vc_row full_width=\u00bbstretch_row_content_no_spaces\u00bb content_placement=\u00bbmiddle\u00bb el_class=\u00bbsection_header_pages\u00bb][vc_column][vc_single_image image=\u00bb3685&#8243; img_size=\u00bb1920&#215;600&#8243; alignment=\u00bbcenter\u00bb][\/vc_column][\/vc_row][vc_row css=\u00bb.vc_custom_1610464977372{margin-top: 130px !important;}\u00bb el_class=\u00bbtitulo_inicial\u00bb][vc_column css_animation=\u00bbnone\u00bb][vc_column_text css_animation=\u00bbfadeInDown\u00bb] NUESTRO ADN: TRANSPARENCIA E INTEGRIDAD Compliance El grupo Agrihold est\u00e1 siempre en la b\u00fasqueda por perfeccionar sus&#8230;<\/p>\n","protected":false},"author":2,"featured_media":4756,"parent":0,"menu_order":0,"comment_status":"closed","ping_status":"closed","template":"","meta":{"footnotes":""},"class_list":["post-4994","page","type-page","status-publish","has-post-thumbnail","hentry"],"_links":{"self":[{"href":"https:\/\/agrihold.com\/es\/wp-json\/wp\/v2\/pages\/4994","targetHints":{"allow":["GET"]}}],"collection":[{"href":"https:\/\/agrihold.com\/es\/wp-json\/wp\/v2\/pages"}],"about":[{"href":"https:\/\/agrihold.com\/es\/wp-json\/wp\/v2\/types\/page"}],"author":[{"embeddable":true,"href":"https:\/\/agrihold.com\/es\/wp-json\/wp\/v2\/users\/2"}],"replies":[{"embeddable":true,"href":"https:\/\/agrihold.com\/es\/wp-json\/wp\/v2\/comments?post=4994"}],"version-history":[{"count":2,"href":"https:\/\/agrihold.com\/es\/wp-json\/wp\/v2\/pages\/4994\/revisions"}],"predecessor-version":[{"id":5020,"href":"https:\/\/agrihold.com\/es\/wp-json\/wp\/v2\/pages\/4994\/revisions\/5020"}],"wp:featuredmedia":[{"embeddable":true,"href":"https:\/\/agrihold.com\/es\/wp-json\/wp\/v2\/media\/4756"}],"wp:attachment":[{"href":"https:\/\/agrihold.com\/es\/wp-json\/wp\/v2\/media?parent=4994"}],"curies":[{"name":"wp","href":"https:\/\/api.w.org\/{rel}","templated":true}]}}