{"id":4993,"date":"2021-12-15T11:09:55","date_gmt":"2021-12-15T14:09:55","guid":{"rendered":"https:\/\/agrihold.com\/vision-mision-y-valores\/"},"modified":"2021-12-16T18:42:08","modified_gmt":"2021-12-16T21:42:08","slug":"vision-mision-y-valores","status":"publish","type":"page","link":"https:\/\/agrihold.com\/es\/vision-mision-y-valores\/","title":{"rendered":"VISI\u00d3N, MISI\u00d3N Y VALORES"},"content":{"rendered":"<p>[vc_row full_width=\u00bbstretch_row_content_no_spaces\u00bb content_placement=\u00bbmiddle\u00bb el_class=\u00bbsection_header_pages\u00bb][vc_column][vc_single_image image=\u00bb3674&#8243; img_size=\u00bb1920&#215;600&#8243;][\/vc_column][\/vc_row][vc_row][vc_column width=\u00bb1\/2&#8243;][vc_single_image image=\u00bb3678&#8243; alignment=\u00bbcenter\u00bb][vc_column_text el_class=\u00bbtitulo_inicial\u00bb]<\/p>\n<h3 style=\"text-align: center;\"><span style=\"color: #0055a3;\">VISI\u00d3N<\/span><\/h3>\n<p>Ser un agente activo como integrador de tecnolog\u00edas distintas para el desarrollo del agronegocio.[\/vc_column_text][\/vc_column][vc_column width=\u00bb1\/2&#8243;][vc_single_image image=\u00bb3679&#8243; alignment=\u00bbcenter\u00bb][vc_column_text el_class=\u00bbtitulo_inicial\u00bb]<\/p>\n<h3 style=\"text-align: center;\"><span style=\"color: #0055a3;\">MISI\u00d3N<\/span><\/h3>\n<p>Ofrecer lo mejor conjunto de soluciones agron\u00f3micas que generen valor y promuevan el \u00e9xito de los clientes, de forma eficaz, sustentable y perene.[\/vc_column_text][\/vc_column][\/vc_row][vc_row full_width=\u00bbstretch_row\u00bb el_class=\u00bbsection_chamada\u00bb css=\u00bb.vc_custom_1610573969061{padding-top: 90px !important;padding-bottom: 90px !important;background-image: url(http:\/\/signatis.com.br\/agrihold\/wp-content\/uploads\/2020\/12\/bg_chamada.jpg?id=3545) !important;}\u00bb][vc_column][vc_column_text]<\/p>\n<h4 style=\"text-align: center;\">VALORES<\/h4>\n<p>[\/vc_column_text][\/vc_column][vc_column][vc_row_inner][vc_column_inner width=\u00bb1\/3&#8243;][vc_hoverbox image=\u00bb5129&#8243; primary_title=\u00bb\u00bb hover_title=\u00bb\u00bb hover_background_color=\u00bbcustom\u00bb css_animation=\u00bbfadeIn\u00bb hover_custom_background=\u00bb#0054a6&#8243; el_class=\u00bbbox_chamada\u00bb]Respeto a los principios, pol\u00edticas y procedimientos \u00e9ticos que la empresa sigue; mediante un trabajo guiado por la honestidad, profesionalismo y transparencia, atendiendo a los preceptos de las leyes y reglamentaciones de cada pa\u00eds donde act\u00faa, bien como las buenas pr\u00e1cticas de producci\u00f3n y comercializaci\u00f3n.[\/vc_hoverbox][\/vc_column_inner][vc_column_inner width=\u00bb1\/3&#8243;][vc_hoverbox image=\u00bb5126&#8243; primary_title=\u00bb\u00bb hover_title=\u00bb\u00bb hover_background_color=\u00bbcustom\u00bb css_animation=\u00bbfadeIn\u00bb hover_custom_background=\u00bb#0054a6&#8243; el_class=\u00bbbox_chamada\u00bb]Buscar los objetivos establecidos por la corporaci\u00f3n de modo planeado, participativo y responsable, con una visi\u00f3n de totalidad y siempre fortaleciendo el espirito de equipo.[\/vc_hoverbox][\/vc_column_inner][vc_column_inner width=\u00bb1\/3&#8243;][vc_hoverbox image=\u00bb5123&#8243; primary_title=\u00bb\u00bb hover_title=\u00bb\u00bb hover_background_color=\u00bbcustom\u00bb css_animation=\u00bbfadeIn\u00bb hover_custom_background=\u00bb#0054a6&#8243; el_class=\u00bbbox_chamada\u00bb]Animar al continuo crecimiento profesional y personal de clientes y colaboradores; tratando a todos con dignidad y respeto, independientemente de cualquiera distinci\u00f3n de naturaleza social, pol\u00edtica, cultural, sexual, religiosa o de otra naturaleza.[\/vc_hoverbox][\/vc_column_inner][\/vc_row_inner][vc_row_inner][vc_column_inner width=\u00bb1\/3&#8243;][vc_hoverbox image=\u00bb5120&#8243; primary_title=\u00bb\u00bb hover_title=\u00bb\u00bb hover_background_color=\u00bbcustom\u00bb css_animation=\u00bbfadeIn\u00bb hover_custom_background=\u00bb#0054a6&#8243; el_class=\u00bbbox_chamada\u00bb]Actuar de forma activa y participativa y responsable en el desarrollo sustentable de las comunidades donde estamos insertados, favoreciendo el total ejercicio de la ciudadan\u00eda y el cuidado con el ambiente.[\/vc_hoverbox][\/vc_column_inner][vc_column_inner width=\u00bb1\/3&#8243;][vc_hoverbox image=\u00bb5117&#8243; primary_title=\u00bb\u00bb hover_title=\u00bb\u00bb hover_background_color=\u00bbcustom\u00bb css_animation=\u00bbfadeIn\u00bb hover_custom_background=\u00bb#0054a6&#8243; el_class=\u00bbbox_chamada\u00bb]Administrar de manera eficiente los recursos de nuestro grupo, buscando por los mejores resultados y generando prosperidad; que, consecuentemente beneficiar\u00e1 a clientes, accionistas, colaboradores, proveedores y comunidades.[\/vc_hoverbox][\/vc_column_inner][vc_column_inner width=\u00bb1\/3&#8243;][vc_hoverbox image=\u00bb5114&#8243; primary_title=\u00bb\u00bb hover_title=\u00bb\u00bb hover_background_color=\u00bbcustom\u00bb css_animation=\u00bbfadeIn\u00bb hover_custom_background=\u00bb#0054a6&#8243; el_class=\u00bbbox_chamada\u00bb]Guiar\u00e1 permanentemente las relaciones entre clientes, colaboradores, proveedores, accionistas y sociedad en general; qued\u00e1ndose claros las responsabilidades, obligaciones y beneficios que corresponden a cada una de las partes que forman ese c\u00edrculo colaborativo.[\/vc_hoverbox][\/vc_column_inner][\/vc_row_inner][vc_row_inner][vc_column_inner width=\u00bb1\/3&#8243;][vc_empty_space height=\u00bb0&#8243;][\/vc_column_inner][vc_column_inner width=\u00bb1\/3&#8243;][vc_hoverbox image=\u00bb4045&#8243; primary_title=\u00bb\u00bb hover_title=\u00bb\u00bb hover_background_color=\u00bbcustom\u00bb css_animation=\u00bbfadeIn\u00bb hover_custom_background=\u00bb#0054a6&#8243; el_class=\u00bbbox_chamada\u00bb]Desempe\u00f1ar siempre todas las tareas de la mejor manera posible, con disposici\u00f3n, creatividad e innovaci\u00f3n, buscando siempre exceder a las expectativas de los envueltos y perfeccion\u00e1ndonos todos los d\u00edas.[\/vc_hoverbox][\/vc_column_inner][vc_column_inner width=\u00bb1\/3&#8243;][vc_empty_space height=\u00bb0&#8243;][\/vc_column_inner][\/vc_row_inner][\/vc_column][\/vc_row]<\/p>\n","protected":false},"excerpt":{"rendered":"<p>[vc_row full_width=\u00bbstretch_row_content_no_spaces\u00bb content_placement=\u00bbmiddle\u00bb el_class=\u00bbsection_header_pages\u00bb][vc_column][vc_single_image image=\u00bb3674&#8243; img_size=\u00bb1920&#215;600&#8243;][\/vc_column][\/vc_row][vc_row][vc_column width=\u00bb1\/2&#8243;][vc_single_image image=\u00bb3678&#8243; alignment=\u00bbcenter\u00bb][vc_column_text el_class=\u00bbtitulo_inicial\u00bb] VISI\u00d3N Ser un agente activo como integrador de tecnolog\u00edas distintas para el desarrollo del agronegocio.[\/vc_column_text][\/vc_column][vc_column width=\u00bb1\/2&#8243;][vc_single_image image=\u00bb3679&#8243; alignment=\u00bbcenter\u00bb][vc_column_text el_class=\u00bbtitulo_inicial\u00bb] MISI\u00d3N&#8230;<\/p>\n","protected":false},"author":2,"featured_media":0,"parent":0,"menu_order":0,"comment_status":"closed","ping_status":"closed","template":"","meta":{"footnotes":""},"class_list":["post-4993","page","type-page","status-publish","hentry"],"_links":{"self":[{"href":"https:\/\/agrihold.com\/es\/wp-json\/wp\/v2\/pages\/4993","targetHints":{"allow":["GET"]}}],"collection":[{"href":"https:\/\/agrihold.com\/es\/wp-json\/wp\/v2\/pages"}],"about":[{"href":"https:\/\/agrihold.com\/es\/wp-json\/wp\/v2\/types\/page"}],"author":[{"embeddable":true,"href":"https:\/\/agrihold.com\/es\/wp-json\/wp\/v2\/users\/2"}],"replies":[{"embeddable":true,"href":"https:\/\/agrihold.com\/es\/wp-json\/wp\/v2\/comments?post=4993"}],"version-history":[{"count":3,"href":"https:\/\/agrihold.com\/es\/wp-json\/wp\/v2\/pages\/4993\/revisions"}],"predecessor-version":[{"id":5136,"href":"https:\/\/agrihold.com\/es\/wp-json\/wp\/v2\/pages\/4993\/revisions\/5136"}],"wp:attachment":[{"href":"https:\/\/agrihold.com\/es\/wp-json\/wp\/v2\/media?parent=4993"}],"curies":[{"name":"wp","href":"https:\/\/api.w.org\/{rel}","templated":true}]}}