{"id":4992,"date":"2021-12-15T11:05:03","date_gmt":"2021-12-15T14:05:03","guid":{"rendered":"https:\/\/agrihold.com\/quien-somos\/"},"modified":"2021-12-15T12:06:23","modified_gmt":"2021-12-15T15:06:23","slug":"quien-somos","status":"publish","type":"page","link":"https:\/\/agrihold.com\/es\/quien-somos\/","title":{"rendered":"QUI\u00c9N SOMOS"},"content":{"rendered":"<p>[vc_row full_width=\u00bbstretch_row_content_no_spaces\u00bb content_placement=\u00bbmiddle\u00bb el_class=\u00bbsection_header_pages\u00bb][vc_column][vc_single_image image=\u00bb3564&#8243; img_size=\u00bb1920&#215;600&#8243;][\/vc_column][\/vc_row][vc_row][vc_column][vc_column_text]<\/p>\n<h1 style=\"text-align: center; color: #0055a3;\">UN SUE\u00d1O QUE EMPEZ\u00d3 HACE M\u00c1S DE 30 A\u00d1OS<\/h1>\n<p>[\/vc_column_text][\/vc_column][\/vc_row][vc_row el_class=\u00bbtitulo_inicial\u00bb css=\u00bb.vc_custom_1618577885087{margin-top: 30px !important;}\u00bb][vc_column css_animation=\u00bbfadeInDown\u00bb css=\u00bb.vc_custom_1618577860039{margin-top: 20px !important;}\u00bb][vc_column_text css=\u00bb.vc_custom_1637701356414{padding-right: 50px !important;padding-bottom: 25px !important;padding-left: 50px !important;}\u00bb]A partir de un sue\u00f1o que empez\u00f3 a hacerse realidad en 1990, construimos un proyecto audaz en el agronegocio. Actualmente, somos uno de los principales grupos de insumos, servicios y defensivos agr\u00edcolas del Mercosur.<\/p>\n<p>El grupo Agrihold es sin\u00f3nimo de solidez en todos los mercados donde act\u00faa. A lo largo de nuestra historia, lanzamos y consolidamos nuestras compa\u00f1\u00edas en importantes mercados agr\u00edcolas como Paraguay, China y Brasil.[\/vc_column_text][\/vc_column][\/vc_row][vc_row][vc_column css_animation=\u00bbfadeInLeft\u00bb width=\u00bb1\/2&#8243;][vc_single_image image=\u00bb3568&#8243; img_size=\u00bbfull\u00bb alignment=\u00bbcenter\u00bb][\/vc_column][vc_column css_animation=\u00bbfadeInRight\u00bb width=\u00bb1\/2&#8243;][vc_column_text el_class=\u00bbtxt_quemsomos\u00bb]\u201cNuestro grupo se compone de personas que realmente hacen la diferencia. No escribo eso por primera vez; y seguramente no ser\u00e1 la \u00faltima.<\/p>\n<p>Como un sue\u00f1o que se est\u00e1 realizando a cada d\u00eda, el crecimiento y la consolidaci\u00f3n de nuestras compa\u00f1\u00edas son una bendici\u00f3n y una recompensa, resultado de mucho trabajo y dedicaci\u00f3n de todos que creen y que se unieron a nosotros a lo largo de ese sue\u00f1o.<\/p>\n<p>Creemos en la fuerza del pionerismo y la innovaci\u00f3n. Tambi\u00e9n en nuestra capacidad de siempre ofrecer el mejor conjunto de soluciones agron\u00f3micas que promuevan el \u00e9xito de nuestros clientes, para que produzcan de manera lucrativa y sustentable a la vez.<\/p>\n<p>Convido voc\u00eas a conhecer um pouco dos nossos valores, das nossas empresas e de tudo aquilo em que acreditamos, e que faz da Agrihold um grupo diferenciado nos mercados.\u00bb<\/p>\n<p>&nbsp;<\/p>\n<p><strong>T\u00falio Zanchet<br \/>\n<\/strong>Fundador del grupo Agrihold[\/vc_column_text][\/vc_column][\/vc_row][vc_row css=\u00bb.vc_custom_1608598800796{margin-top: 50px !important;}\u00bb][vc_column][vc_column_text css=\u00bb.vc_custom_1618577545105{padding-right: 50px !important;padding-bottom: 25px !important;padding-left: 50px !important;}\u00bb]<\/p>\n<h1 style=\"text-align: center; color: #0055a3;\">UNA HISTORIA DE \u00c9XITO<\/h1>\n<p>[\/vc_column_text][\/vc_column][vc_column][vc_raw_html]JTVCdGltZWxpbmUtZXhwcmVzcyU1RA==[\/vc_raw_html][\/vc_column][\/vc_row]<\/p>\n","protected":false},"excerpt":{"rendered":"<p>[vc_row full_width=\u00bbstretch_row_content_no_spaces\u00bb content_placement=\u00bbmiddle\u00bb el_class=\u00bbsection_header_pages\u00bb][vc_column][vc_single_image image=\u00bb3564&#8243; img_size=\u00bb1920&#215;600&#8243;][\/vc_column][\/vc_row][vc_row][vc_column][vc_column_text] UN SUE\u00d1O QUE EMPEZ\u00d3 HACE M\u00c1S DE 30 A\u00d1OS [\/vc_column_text][\/vc_column][\/vc_row][vc_row el_class=\u00bbtitulo_inicial\u00bb css=\u00bb.vc_custom_1618577885087{margin-top: 30px !important;}\u00bb][vc_column css_animation=\u00bbfadeInDown\u00bb css=\u00bb.vc_custom_1618577860039{margin-top: 20px !important;}\u00bb][vc_column_text css=\u00bb.vc_custom_1637701356414{padding-right: 50px !important;padding-bottom: 25px !important;padding-left: 50px&#8230;<\/p>\n","protected":false},"author":2,"featured_media":0,"parent":0,"menu_order":0,"comment_status":"closed","ping_status":"closed","template":"","meta":{"footnotes":""},"class_list":["post-4992","page","type-page","status-publish","hentry"],"_links":{"self":[{"href":"https:\/\/agrihold.com\/es\/wp-json\/wp\/v2\/pages\/4992","targetHints":{"allow":["GET"]}}],"collection":[{"href":"https:\/\/agrihold.com\/es\/wp-json\/wp\/v2\/pages"}],"about":[{"href":"https:\/\/agrihold.com\/es\/wp-json\/wp\/v2\/types\/page"}],"author":[{"embeddable":true,"href":"https:\/\/agrihold.com\/es\/wp-json\/wp\/v2\/users\/2"}],"replies":[{"embeddable":true,"href":"https:\/\/agrihold.com\/es\/wp-json\/wp\/v2\/comments?post=4992"}],"version-history":[{"count":1,"href":"https:\/\/agrihold.com\/es\/wp-json\/wp\/v2\/pages\/4992\/revisions"}],"predecessor-version":[{"id":5026,"href":"https:\/\/agrihold.com\/es\/wp-json\/wp\/v2\/pages\/4992\/revisions\/5026"}],"wp:attachment":[{"href":"https:\/\/agrihold.com\/es\/wp-json\/wp\/v2\/media?parent=4992"}],"curies":[{"name":"wp","href":"https:\/\/api.w.org\/{rel}","templated":true}]}}