{"id":4991,"date":"2021-12-15T11:01:33","date_gmt":"2021-12-15T14:01:33","guid":{"rendered":"https:\/\/agrihold.com\/home\/"},"modified":"2022-03-28T19:24:21","modified_gmt":"2022-03-28T22:24:21","slug":"home","status":"publish","type":"page","link":"https:\/\/agrihold.com\/es\/","title":{"rendered":"Home"},"content":{"rendered":"<p>[vc_row css=\u00bb.vc_custom_1608035203881{margin-top: 0px !important;}\u00bb][vc_column][rev_slider_vc alias=\u00bbhome-principal-es\u00bb][\/vc_column][\/vc_row][vc_row full_width=\u00bbstretch_row_content_no_spaces\u00bb full_height=\u00bbyes\u00bb equal_height=\u00bbyes\u00bb content_placement=\u00bbmiddle\u00bb css=\u00bb.vc_custom_1608119203970{margin-top: 0px !important;background-color: #ececec !important;}\u00bb el_class=\u00bbsection1_home\u00bb][vc_column offset=\u00bbvc_hidden-lg vc_hidden-md vc_col-xs-12&#8243;][vc_single_image image=\u00bb4207&#8243; img_size=\u00bbfull\u00bb][\/vc_column][vc_column css_animation=\u00bbfadeInLeft\u00bb width=\u00bb5\/12&#8243; offset=\u00bbvc_hidden-sm vc_hidden-xs\u00bb][vc_single_image image=\u00bb4207&#8243; img_size=\u00bbautox857px\u00bb][\/vc_column][vc_column css_animation=\u00bbfadeInDown\u00bb offset=\u00bbvc_col-lg-7 vc_col-md-7 vc_col-xs-12&#8243; el_class=\u00bbtxt_sobre_home\u00bb][vc_column_text]<\/p>\n<h1>SOMOS AGRIHOLD<\/h1>\n<p>Uno de los principales grupos empresariales de Mercosur en el segmento de insumos, servicios y defensivos agr\u00edcolas. Actuamos en Paraguay, Brasil y China Somos compa\u00f1\u00edas que tienen se destacado en sus mercados de actuaci\u00f3n mediante soluciones agron\u00f3micas de elevado costo-beneficio a los agricultores y, por consecuencia, a las comunidades.<\/p>\n<p>&nbsp;<\/p>\n<p>Miramos hacia el futuro con la seguridad de que las soluciones innovadoras de protecci\u00f3n de cultivos desempe\u00f1ar\u00e1n una funci\u00f3n fundamental en el incremento de la productividad agr\u00edcola. Creemos en la innovaci\u00f3n, que es el centro y la herramienta de nuestra estrategia de negocios.[\/vc_column_text][\/vc_column][\/vc_row][vc_row full_width=\u00bbstretch_row\u00bb css=\u00bb.vc_custom_1608121792429{padding-top: 90px !important;padding-bottom: 200px !important;background-image: url(http:\/\/signatis.com.br\/agrihold\/wp-content\/uploads\/2020\/12\/bg_chamada.jpg?id=3545) !important;background-position: 0 0 !important;background-repeat: no-repeat !important;}\u00bb el_class=\u00bbsection_chamada\u00bb][vc_column][vc_column_text css=\u00bb.vc_custom_1616451842342{margin-bottom: 35px !important;}\u00bb]<\/p>\n<h4 style=\"text-align: center;\">EL ESTILO AGRIHOLD<\/h4>\n<p>[\/vc_column_text][\/vc_column][vc_column][vc_row_inner][vc_column_inner offset=\u00bbvc_col-lg-4 vc_col-md-6 vc_col-xs-12&#8243;][vc_hoverbox image=\u00bb5081&#8243; primary_title=\u00bb\u00bb hover_title=\u00bb\u00bb hover_background_color=\u00bbcustom\u00bb css_animation=\u00bbfadeIn\u00bb hover_custom_background=\u00bb#0054a6&#8243; el_class=\u00bbbox_chamada\u00bb]El enfoque del grupo Agrihold consiste en fortalecer los productos de marca propia, los cuales se adaptan a las necesidades del sector de agronegocio de cada pa\u00eds. Adem\u00e1s, complementamos nuestro portafolio mediante alianzas estrat\u00e9gicas con las marcas globales m\u00e1s renombradas, como Syngenta, Corteva, Cargill, Mosaic y UPL.[\/vc_hoverbox][\/vc_column_inner][vc_column_inner offset=\u00bbvc_col-lg-4 vc_col-md-6 vc_col-xs-12&#8243;][vc_hoverbox image=\u00bb5075&#8243; primary_title=\u00bb\u00bb hover_title=\u00bb\u00bb hover_background_color=\u00bbcustom\u00bb css_animation=\u00bbfadeIn\u00bb hover_custom_background=\u00bb#0054a6&#8243; el_class=\u00bbbox_chamada\u00bb]Desde os anos 90, o grupo Agrihold vem construindo alian\u00e7as estrat\u00e9gicas com alguns dos melhores formuladores de agroqu\u00edmicos da China e da \u00cdndia. As\u00ed que nuestras compa\u00f1\u00edas han logrado ofrecer productos innovadores que aseguren una elevada margen de costo-beneficio a los clientes.[\/vc_hoverbox][\/vc_column_inner][vc_column_inner offset=\u00bbvc_col-lg-4 vc_col-md-6 vc_col-xs-12&#8243;][vc_hoverbox image=\u00bb5078&#8243; primary_title=\u00bb\u00bb hover_title=\u00bb\u00bb hover_background_color=\u00bbcustom\u00bb css_animation=\u00bbfadeIn\u00bb hover_custom_background=\u00bb#0054a6&#8243; el_class=\u00bbbox_chamada\u00bb]El grupo Agrihold cuenta con un modelo de gesti\u00f3n totalmente centrado en los clientes. Nuestra manera r\u00e1pida y fluida de operar proporciona una alta capacidad de respuesta en la atenci\u00f3n de las necesidades de los clientes a todo momento y situaci\u00f3n.[\/vc_hoverbox][\/vc_column_inner][\/vc_row_inner][\/vc_column][\/vc_row][vc_row full_width=\u00bbstretch_row\u00bb css=\u00bb.vc_custom_1608206348772{padding-top: 90px !important;padding-bottom: 50px !important;background-color: #ececec !important;background-position: 0 0 !important;background-repeat: no-repeat !important;}\u00bb el_class=\u00bbsection_parceiros\u00bb][vc_column][vc_column_text css=\u00bb.vc_custom_1608204664214{margin-bottom: 35px !important;}\u00bb]<\/p>\n<h4 style=\"text-align: center;\">NUESTROS NEGOCIOS<\/h4>\n<p>[\/vc_column_text][\/vc_column][vc_column css_animation=\u00bbzoomIn\u00bb][vc_row_inner][vc_column_inner width=\u00bb1\/3&#8243;][vc_single_image image=\u00bb4037&#8243; img_size=\u00bbfull\u00bb alignment=\u00bbcenter\u00bb onclick=\u00bbcustom_link\u00bb link=\u00bbhttp:\/\/signatis.com.br\/agrihold\/pt\/nossos-negocios\/\u00bb][\/vc_column_inner][vc_column_inner width=\u00bb5\/12&#8243;][vc_single_image image=\u00bb3611&#8243; img_size=\u00bbfull\u00bb alignment=\u00bbcenter\u00bb onclick=\u00bbcustom_link\u00bb link=\u00bbhttp:\/\/signatis.com.br\/agrihold\/pt\/nossos-negocios\/\u00bb][\/vc_column_inner][vc_column_inner width=\u00bb1\/4&#8243;][vc_single_image image=\u00bb5146&#8243; img_size=\u00bbfull\u00bb alignment=\u00bbcenter\u00bb onclick=\u00bbcustom_link\u00bb link=\u00bbhttp:\/\/signatis.com.br\/agrihold\/pt\/nossos-negocios\/\u00bb][\/vc_column_inner][\/vc_row_inner][\/vc_column][\/vc_row]<\/p>\n","protected":false},"excerpt":{"rendered":"<p>[vc_row css=\u00bb.vc_custom_1608035203881{margin-top: 0px !important;}\u00bb][vc_column][rev_slider_vc alias=\u00bbhome-principal-es\u00bb][\/vc_column][\/vc_row][vc_row full_width=\u00bbstretch_row_content_no_spaces\u00bb full_height=\u00bbyes\u00bb equal_height=\u00bbyes\u00bb content_placement=\u00bbmiddle\u00bb css=\u00bb.vc_custom_1608119203970{margin-top: 0px !important;background-color: #ececec !important;}\u00bb el_class=\u00bbsection1_home\u00bb][vc_column offset=\u00bbvc_hidden-lg vc_hidden-md vc_col-xs-12&#8243;][vc_single_image image=\u00bb4207&#8243; img_size=\u00bbfull\u00bb][\/vc_column][vc_column css_animation=\u00bbfadeInLeft\u00bb width=\u00bb5\/12&#8243; offset=\u00bbvc_hidden-sm vc_hidden-xs\u00bb][vc_single_image image=\u00bb4207&#8243; img_size=\u00bbautox857px\u00bb][\/vc_column][vc_column css_animation=\u00bbfadeInDown\u00bb offset=\u00bbvc_col-lg-7 vc_col-md-7 vc_col-xs-12&#8243;&#8230;<\/p>\n","protected":false},"author":2,"featured_media":0,"parent":0,"menu_order":0,"comment_status":"closed","ping_status":"closed","template":"","meta":{"footnotes":""},"class_list":["post-4991","page","type-page","status-publish","hentry"],"_links":{"self":[{"href":"https:\/\/agrihold.com\/es\/wp-json\/wp\/v2\/pages\/4991","targetHints":{"allow":["GET"]}}],"collection":[{"href":"https:\/\/agrihold.com\/es\/wp-json\/wp\/v2\/pages"}],"about":[{"href":"https:\/\/agrihold.com\/es\/wp-json\/wp\/v2\/types\/page"}],"author":[{"embeddable":true,"href":"https:\/\/agrihold.com\/es\/wp-json\/wp\/v2\/users\/2"}],"replies":[{"embeddable":true,"href":"https:\/\/agrihold.com\/es\/wp-json\/wp\/v2\/comments?post=4991"}],"version-history":[{"count":5,"href":"https:\/\/agrihold.com\/es\/wp-json\/wp\/v2\/pages\/4991\/revisions"}],"predecessor-version":[{"id":5084,"href":"https:\/\/agrihold.com\/es\/wp-json\/wp\/v2\/pages\/4991\/revisions\/5084"}],"wp:attachment":[{"href":"https:\/\/agrihold.com\/es\/wp-json\/wp\/v2\/media?parent=4991"}],"curies":[{"name":"wp","href":"https:\/\/api.w.org\/{rel}","templated":true}]}}