{"id":4935,"date":"2021-12-13T20:59:18","date_gmt":"2021-12-13T23:59:18","guid":{"rendered":"https:\/\/agrihold.com\/leaderships\/"},"modified":"2022-03-28T19:28:12","modified_gmt":"2022-03-28T22:28:12","slug":"leaderships","status":"publish","type":"page","link":"https:\/\/agrihold.com\/en\/leaderships\/","title":{"rendered":"Leaderships"},"content":{"rendered":"<p>[vc_row full_width=&#8221;stretch_row_content_no_spaces&#8221; content_placement=&#8221;middle&#8221; el_class=&#8221;section_header_pages&#8221;][vc_column][vc_single_image image=&#8221;3652&#8243; img_size=&#8221;1920&#215;600&#8243; alignment=&#8221;center&#8221;][\/vc_column][\/vc_row][vc_row css=&#8221;.vc_custom_1608595450180{padding-bottom: 70px !important;}&#8221;][vc_column][vc_column_text css=&#8221;.vc_custom_1616454438359{padding-right: 50px !important;padding-bottom: 25px !important;padding-left: 50px !important;}&#8221;]We believe that all our success over more than 3 decades of history is the result of the effort and passion of our teams. Teams are made up of people, and it&#8217;s the people who make the difference.<\/p>\n<p>All of our leaders are professionals with vast experience in the sector, and who believed in the dream and business vision of the founder of Agrihold group, T\u00falio Neves Zanchet.[\/vc_column_text][\/vc_column][\/vc_row][vc_row el_class=&#8221;section_lideranca_show&#8221;][vc_column css_animation=&#8221;fadeIn&#8221; offset=&#8221;vc_col-lg-5 vc_col-md-5 vc_col-xs-12&#8243;][vc_single_image image=&#8221;4073&#8243; img_size=&#8221;350&#215;350&#8243; add_caption=&#8221;yes&#8221; alignment=&#8221;center&#8221;][vc_column_text]<\/p>\n<h3 style=\"text-align: center;\"><strong>Tulio Luiz Neves Zanchet<\/strong><\/h3>\n<h5 style=\"text-align: center;\">Chairman of the Executive Board<\/h5>\n<p>[\/vc_column_text][\/vc_column][vc_column css_animation=&#8221;fadeIn&#8221; offset=&#8221;vc_col-lg-7 vc_col-md-7 vc_col-xs-12&#8243;][vc_column_text]After four years of experience in his family&#8217;s companies in the Brazilian agribusiness segment, T\u00falio founded Agrotec in 1990; first as an agricultural consultant and then as a distributor for Agri-Inputs. T\u00falio is an agronomist graduated from the Federal University of Paran\u00e1 and has participated in training courses in the United States and the Netherlands (Wageningen University of Agriculture), in addition to several seminars at the Harvard Business School.[\/vc_column_text][\/vc_column][\/vc_row][vc_row rtl_reverse=&#8221;yes&#8221; el_class=&#8221;section_lideranca_show&#8221;][vc_column css_animation=&#8221;fadeIn&#8221; offset=&#8221;vc_col-lg-7 vc_col-md-7 vc_col-xs-12&#8243;][vc_column_text]Before joining Agrihold group, Paulo accumulated experience working in large companies in the agribusiness segment. In the United States, he worked for 4 years at Cargill Sementes. He also worked for 3 years at Monsanto-Brasil, where he initially acted as marketing coordinator and later as responsible for the creation of the University of Monsanto, aiming to train managers and executives. In 2001, he joined Agrotec as marketing officer and, in 2003, he assumed the position of sales officer at the company. Paulo is an agronomist graduated from the University of Ponta Grossa, in Paran\u00e1.[\/vc_column_text][\/vc_column][vc_column css_animation=&#8221;fadeIn&#8221; offset=&#8221;vc_col-lg-5 vc_col-md-5 vc_col-xs-12&#8243;][vc_single_image image=&#8221;4075&#8243; img_size=&#8221;350&#215;350&#8243; add_caption=&#8221;yes&#8221; alignment=&#8221;center&#8221;][vc_column_text]<\/p>\n<h3 style=\"text-align: center;\"><strong>Paulo Alves<\/strong><\/h3>\n<h5 style=\"text-align: center;\">CEO<\/h5>\n<p>[\/vc_column_text][\/vc_column][\/vc_row][vc_row el_class=&#8221;section_lideranca_show&#8221;][vc_column css_animation=&#8221;fadeIn&#8221; offset=&#8221;vc_col-lg-5 vc_col-md-5 vc_col-xs-12&#8243;][vc_single_image image=&#8221;4074&#8243; img_size=&#8221;350&#215;350&#8243; add_caption=&#8221;yes&#8221; alignment=&#8221;center&#8221;][vc_column_text]<\/p>\n<h3 style=\"text-align: center;\"><strong>Marcia Portella Gracia <\/strong><\/h3>\n<h5 style=\"text-align: center;\">Human Resources Officer<\/h5>\n<p>[\/vc_column_text][\/vc_column][vc_column css_animation=&#8221;fadeIn&#8221; offset=&#8221;vc_col-lg-7 vc_col-md-7 vc_col-xs-12&#8243;][vc_column_text]M\u00e1rcia joined Agrihold Group in 2011, after her experience as Human Resources Officer at Barigui Group (Brazil). Marcia studied Psychology at the Tuiuti Technological University, in Paran\u00e1. Also Business Administration at the Federal University of Paran\u00e1 and Masters in Strategic Management of Human Resources.[\/vc_column_text][\/vc_column][\/vc_row][vc_row el_class=&#8221;section_lideranca_show&#8221;][vc_column css_animation=&#8221;fadeIn&#8221; offset=&#8221;vc_col-lg-7 vc_col-md-7 vc_col-xs-12&#8243;][vc_column_text]Jo\u00e3o has a degree in Accounting from Faculdade de Porto Alegre \u2013 Rio Grande do Sul, Brazil (FAPA), with an MBA in Financial Management and Controlling and People Management from Funda\u00e7\u00e3o Get\u00falio Vargas (FGV). He has solid professional experience in agribusiness, having worked in companies such as Rainbow and SLC Agr\u00edcola.[\/vc_column_text][\/vc_column][vc_column css_animation=&#8221;fadeIn&#8221; offset=&#8221;vc_col-lg-5 vc_col-md-5 vc_col-xs-12&#8243;][vc_single_image image=&#8221;4128&#8243; img_size=&#8221;350&#215;350&#8243; add_caption=&#8221;yes&#8221; alignment=&#8221;center&#8221;][vc_column_text]<\/p>\n<h3 style=\"text-align: center;\"><strong>Jo\u00e3o Eduardo Suprinyak<\/strong><\/h3>\n<h5 style=\"text-align: center;\">Chief Financial Officer<\/h5>\n<p>[\/vc_column_text][\/vc_column][\/vc_row]<\/p>\n","protected":false},"excerpt":{"rendered":"<p>[vc_row full_width=&#8221;stretch_row_content_no_spaces&#8221; content_placement=&#8221;middle&#8221; el_class=&#8221;section_header_pages&#8221;][vc_column][vc_single_image image=&#8221;3652&#8243; img_size=&#8221;1920&#215;600&#8243; alignment=&#8221;center&#8221;][\/vc_column][\/vc_row][vc_row css=&#8221;.vc_custom_1608595450180{padding-bottom: 70px !important;}&#8221;][vc_column][vc_column_text css=&#8221;.vc_custom_1616454438359{padding-right: 50px !important;padding-bottom: 25px !important;padding-left: 50px !important;}&#8221;]We believe that all our success over more than 3 decades of history is&#8230;<\/p>\n","protected":false},"author":2,"featured_media":0,"parent":0,"menu_order":0,"comment_status":"closed","ping_status":"closed","template":"","meta":{"footnotes":""},"class_list":["post-4935","page","type-page","status-publish","hentry"],"_links":{"self":[{"href":"https:\/\/agrihold.com\/en\/wp-json\/wp\/v2\/pages\/4935","targetHints":{"allow":["GET"]}}],"collection":[{"href":"https:\/\/agrihold.com\/en\/wp-json\/wp\/v2\/pages"}],"about":[{"href":"https:\/\/agrihold.com\/en\/wp-json\/wp\/v2\/types\/page"}],"author":[{"embeddable":true,"href":"https:\/\/agrihold.com\/en\/wp-json\/wp\/v2\/users\/2"}],"replies":[{"embeddable":true,"href":"https:\/\/agrihold.com\/en\/wp-json\/wp\/v2\/comments?post=4935"}],"version-history":[{"count":3,"href":"https:\/\/agrihold.com\/en\/wp-json\/wp\/v2\/pages\/4935\/revisions"}],"predecessor-version":[{"id":5174,"href":"https:\/\/agrihold.com\/en\/wp-json\/wp\/v2\/pages\/4935\/revisions\/5174"}],"wp:attachment":[{"href":"https:\/\/agrihold.com\/en\/wp-json\/wp\/v2\/media?parent=4935"}],"curies":[{"name":"wp","href":"https:\/\/api.w.org\/{rel}","templated":true}]}}